{"id":13,"date":"2017-02-24T11:27:17","date_gmt":"2017-02-24T10:27:17","guid":{"rendered":"https:\/\/tandemtour.lima-city.de\/?page_id=13"},"modified":"2024-11-17T13:44:44","modified_gmt":"2024-11-17T12:44:44","slug":"karte","status":"publish","type":"page","link":"https:\/\/www.tandemtotal.de\/index.php\/karte\/","title":{"rendered":"Karte"},"content":{"rendered":"<h4>S\u00fcdamerika<\/h4>\n<p>In blau seht ihr grob die Routenidee.<\/p>\n<p><iframe loading=\"lazy\" src=\"https:\/\/www.google.com\/maps\/d\/embed?mid=1IHKLRO4S7Q8uV2jEQ_gGm6F6f5yFmek&amp;ehbc=2E312F&amp;noprof=1\" width=\"1000\" height=\"600\"><\/iframe><\/p>\n<h4>Immer nach osten<\/h4>\n<p>In blau seht ihr grob unsere geplante Route. In gr\u00fcn unsere geradelte Strecke. Gelb steht f\u00fcr Bus\/Zug\/Taxi.<\/p>\n<p><iframe loading=\"lazy\" src=\"https:\/\/www.google.com\/maps\/d\/embed?mid=1zgYTkKrGUkF7vpTpIvSWs3eXE6M\" width=\"1000\" height=\"600\"><\/iframe><\/p>\n","protected":false},"excerpt":{"rendered":"<p>S\u00fcdamerika In blau seht ihr grob die Routenidee. Immer nach osten In blau seht ihr grob unsere geplante Route. In gr\u00fcn unsere geradelte Strecke. Gelb steht f\u00fcr Bus\/Zug\/Taxi.<\/p>\n","protected":false},"author":1,"featured_media":0,"parent":0,"menu_order":0,"comment_status":"closed","ping_status":"closed","template":"","meta":{"footnotes":""},"class_list":["post-13","page","type-page","status-publish","hentry"],"jetpack_sharing_enabled":true,"_links":{"self":[{"href":"https:\/\/www.tandemtotal.de\/index.php\/wp-json\/wp\/v2\/pages\/13","targetHints":{"allow":["GET"]}}],"collection":[{"href":"https:\/\/www.tandemtotal.de\/index.php\/wp-json\/wp\/v2\/pages"}],"about":[{"href":"https:\/\/www.tandemtotal.de\/index.php\/wp-json\/wp\/v2\/types\/page"}],"author":[{"embeddable":true,"href":"https:\/\/www.tandemtotal.de\/index.php\/wp-json\/wp\/v2\/users\/1"}],"replies":[{"embeddable":true,"href":"https:\/\/www.tandemtotal.de\/index.php\/wp-json\/wp\/v2\/comments?post=13"}],"version-history":[{"count":16,"href":"https:\/\/www.tandemtotal.de\/index.php\/wp-json\/wp\/v2\/pages\/13\/revisions"}],"predecessor-version":[{"id":1073,"href":"https:\/\/www.tandemtotal.de\/index.php\/wp-json\/wp\/v2\/pages\/13\/revisions\/1073"}],"wp:attachment":[{"href":"https:\/\/www.tandemtotal.de\/index.php\/wp-json\/wp\/v2\/media?parent=13"}],"curies":[{"name":"wp","href":"https:\/\/api.w.org\/{rel}","templated":true}]}}